{"id":583,"date":"2025-06-09T16:17:00","date_gmt":"2025-06-09T16:17:00","guid":{"rendered":"https:\/\/ad.aluwest.com\/?page_id=583"},"modified":"2025-06-09T20:53:46","modified_gmt":"2025-06-09T20:53:46","slug":"politica-de-privacidad","status":"publish","type":"page","link":"https:\/\/ad.aluwest.com\/en\/politica-de-privacidad\/","title":{"rendered":"Pol\u00edtica de Privacidad"},"content":{"rendered":"<div data-elementor-type=\"wp-page\" data-elementor-id=\"583\" class=\"elementor elementor-583\" data-elementor-post-type=\"page\">\n\t\t\t\t<div data-dce-background-overlay-color=\"#000000\" data-dce-background-image-url=\"https:\/\/ad.aluwest.com\/wp-content\/uploads\/2025\/05\/Untitled-design-2025-05-29T113231.048-1024x576.jpg\" class=\"elementor-element elementor-element-77a83fc e-flex e-con-boxed e-con e-parent\" data-id=\"77a83fc\" data-element_type=\"container\" data-e-type=\"container\" data-settings=\"{&quot;background_background&quot;:&quot;classic&quot;}\">\n\t\t\t\t\t<div class=\"e-con-inner\">\n\t\t<div class=\"elementor-element elementor-element-dd7ffda e-con-full e-flex e-con e-child\" data-id=\"dd7ffda\" data-element_type=\"container\" data-e-type=\"container\">\n\t\t\t\t<div class=\"elementor-element elementor-element-be4d5fc elementor-widget elementor-widget-heading\" data-id=\"be4d5fc\" data-element_type=\"widget\" data-e-type=\"widget\" data-widget_type=\"heading.default\">\n\t\t\t\t<div class=\"elementor-widget-container\">\n\t\t\t\t\t<h1 class=\"elementor-heading-title elementor-size-default\">Pol\u00edtica de Privacidad<\/h1>\t\t\t\t<\/div>\n\t\t\t\t<\/div>\n\t\t\t\t<div class=\"elementor-element elementor-element-9b536b4 elementor-widget elementor-widget-text-editor\" data-id=\"9b536b4\" data-element_type=\"widget\" data-e-type=\"widget\" data-widget_type=\"text-editor.default\">\n\t\t\t\t<div class=\"elementor-widget-container\">\n\t\t\t\t\t\t\t\t\t<p data-start=\"182\" data-end=\"410\">Esta secci\u00f3n explica c\u00f3mo recopilamos, usamos y protegemos tu informaci\u00f3n personal cuando naveg\u00e1s por nuestro sitio web o interactu\u00e1s con nosotros. Queremos que sepas qu\u00e9 datos recopilamos y cu\u00e1les son tus derechos como usuario.<\/p>\t\t\t\t\t\t\t\t<\/div>\n\t\t\t\t<\/div>\n\t\t\t\t<\/div>\n\t\t<div class=\"elementor-element elementor-element-8d77655 e-con-full e-flex e-con e-child\" data-id=\"8d77655\" data-element_type=\"container\" data-e-type=\"container\">\n\t\t\t\t<\/div>\n\t\t\t\t\t<\/div>\n\t\t\t\t<\/div>\n\t\t<div class=\"elementor-element elementor-element-382225d e-flex e-con-boxed e-con e-parent\" data-id=\"382225d\" data-element_type=\"container\" data-e-type=\"container\">\n\t\t\t\t\t<div class=\"e-con-inner\">\n\t\t\t\t<div class=\"elementor-element elementor-element-950abcf elementor-widget elementor-widget-text-editor\" data-id=\"950abcf\" data-element_type=\"widget\" data-e-type=\"widget\" data-widget_type=\"text-editor.default\">\n\t\t\t\t<div class=\"elementor-widget-container\">\n\t\t\t\t\t\t\t\t\t<p data-start=\"306\" data-end=\"351\"><strong data-start=\"306\" data-end=\"336\">Fecha de entrada en vigor:<\/strong> Marzo, 2025<\/p><p data-start=\"353\" data-end=\"609\">En <strong data-start=\"356\" data-end=\"378\">Aluwest Industries<\/strong>, valoramos su privacidad y nos comprometemos a proteger los datos personales que usted nos proporciona. Esta Pol\u00edtica de Privacidad describe c\u00f3mo recopilamos, utilizamos y protegemos su informaci\u00f3n cuando visita nuestro sitio web.<\/p><h3 data-start=\"611\" data-end=\"649\"><strong data-start=\"615\" data-end=\"649\">1. Informaci\u00f3n que recopilamos<\/strong><\/h3><p data-start=\"651\" data-end=\"705\">Podemos recopilar los siguientes tipos de informaci\u00f3n:<\/p><ul data-start=\"707\" data-end=\"995\"><li data-start=\"707\" data-end=\"792\"><p data-start=\"709\" data-end=\"792\"><strong data-start=\"709\" data-end=\"730\">Datos de contacto<\/strong>: nombre, direcci\u00f3n de correo electr\u00f3nico, n\u00famero de tel\u00e9fono.<\/p><\/li><li data-start=\"793\" data-end=\"894\"><p data-start=\"795\" data-end=\"894\"><strong data-start=\"795\" data-end=\"818\">Informaci\u00f3n t\u00e9cnica<\/strong>: direcci\u00f3n IP, tipo de navegador, p\u00e1ginas visitadas y tiempo de navegaci\u00f3n.<\/p><\/li><li data-start=\"895\" data-end=\"995\"><p data-start=\"897\" data-end=\"995\"><strong data-start=\"897\" data-end=\"936\">Informaci\u00f3n enviada voluntariamente<\/strong>: formularios de contacto, solicitudes de presupuesto, etc.<\/p><\/li><\/ul><h3 data-start=\"997\" data-end=\"1038\"><strong data-start=\"1001\" data-end=\"1038\">2. C\u00f3mo utilizamos su informaci\u00f3n<\/strong><\/h3><p data-start=\"1040\" data-end=\"1088\">La informaci\u00f3n recopilada puede utilizarse para:<\/p><ul data-start=\"1090\" data-end=\"1305\"><li data-start=\"1090\" data-end=\"1126\"><p data-start=\"1092\" data-end=\"1126\">Responder consultas y solicitudes.<\/p><\/li><li data-start=\"1127\" data-end=\"1167\"><p data-start=\"1129\" data-end=\"1167\">Mejorar nuestro sitio web y servicios.<\/p><\/li><li data-start=\"1168\" data-end=\"1269\"><p data-start=\"1170\" data-end=\"1269\">Enviar comunicaciones relacionadas con nuestros productos o servicios (solo si usted lo consiente).<\/p><\/li><li data-start=\"1270\" data-end=\"1305\"><p data-start=\"1272\" data-end=\"1305\">Cumplir con obligaciones legales.<\/p><\/li><\/ul><h3 data-start=\"1307\" data-end=\"1352\"><strong data-start=\"1311\" data-end=\"1352\">3. Compartir informaci\u00f3n con terceros<\/strong><\/h3><p data-start=\"1354\" data-end=\"1493\"><strong data-start=\"1354\" data-end=\"1376\">Aluwest Industries<\/strong> no vende, alquila ni intercambia sus datos personales con terceros. Podemos compartir su informaci\u00f3n \u00fanicamente con:<\/p><ul data-start=\"1495\" data-end=\"1642\"><li data-start=\"1495\" data-end=\"1596\"><p data-start=\"1497\" data-end=\"1596\">Proveedores de servicios que nos ayudan a operar el sitio web (bajo contratos de confidencialidad).<\/p><\/li><li data-start=\"1597\" data-end=\"1642\"><p data-start=\"1599\" data-end=\"1642\">Autoridades legales si as\u00ed lo exige la ley.<\/p><\/li><\/ul><h3 data-start=\"1644\" data-end=\"1677\"><strong data-start=\"1648\" data-end=\"1677\">4. Seguridad de los datos<\/strong><\/h3><p data-start=\"1679\" data-end=\"1813\">Implementamos medidas t\u00e9cnicas y organizativas razonables para proteger sus datos contra p\u00e9rdida, uso indebido o acceso no autorizado.<\/p><h3 data-start=\"1815\" data-end=\"1838\"><strong data-start=\"1819\" data-end=\"1838\">5. Sus derechos<\/strong><\/h3><p data-start=\"1840\" data-end=\"1862\">Usted tiene derecho a:<\/p><ul data-start=\"1864\" data-end=\"2090\"><li data-start=\"1864\" data-end=\"1921\"><p data-start=\"1866\" data-end=\"1921\">Acceder, rectificar o eliminar su informaci\u00f3n personal.<\/p><\/li><li data-start=\"1922\" data-end=\"1985\"><p data-start=\"1924\" data-end=\"1985\">Retirar su consentimiento para el procesamiento de sus datos.<\/p><\/li><li data-start=\"1986\" data-end=\"2090\"><p data-start=\"1988\" data-end=\"2090\">Presentar una queja ante la autoridad de protecci\u00f3n de datos en Puerto Rico si lo considera necesario.<\/p><\/li><\/ul><p data-start=\"2092\" data-end=\"2150\">Para ejercer sus derechos, puede contactarnos a trav\u00e9s de:<\/p><p data-start=\"2152\" data-end=\"2271\">\ud83d\udce7 <strong data-start=\"2155\" data-end=\"2177\">Correo electr\u00f3nico<\/strong>: <a class=\"cursor-pointer\" rel=\"noopener\" data-start=\"2179\" data-end=\"2234\">leads@sultana.odoo.com<\/a><br data-start=\"2234\" data-end=\"2237\" \/>\ud83d\udcde <strong data-start=\"2240\" data-end=\"2252\">Tel\u00e9fono<\/strong>: +1 (787) 789-8000<\/p><h3 data-start=\"2273\" data-end=\"2291\"><strong data-start=\"2277\" data-end=\"2291\">6. Cookies<\/strong><\/h3><p data-start=\"2293\" data-end=\"2418\">Utilizamos cookies para mejorar su experiencia de navegaci\u00f3n. Puede obtener m\u00e1s informaci\u00f3n en nuestra [Pol\u00edtica de Cookies].<\/p><h3 data-start=\"2420\" data-end=\"2449\"><strong data-start=\"2424\" data-end=\"2449\">7. Enlaces a terceros<\/strong><\/h3><p data-start=\"2451\" data-end=\"2578\">Este sitio web puede contener enlaces a sitios externos. No somos responsables de las pr\u00e1cticas de privacidad de dichos sitios.<\/p><h3 data-start=\"2580\" data-end=\"2614\"><strong data-start=\"2584\" data-end=\"2614\">8. Cambios a esta pol\u00edtica<\/strong><\/h3><p data-start=\"2616\" data-end=\"2796\">Nos reservamos el derecho de modificar esta pol\u00edtica en cualquier momento. La versi\u00f3n actual estar\u00e1 siempre disponible en nuestro sitio web con la fecha de la \u00faltima actualizaci\u00f3n.<\/p>\t\t\t\t\t\t\t\t<\/div>\n\t\t\t\t<\/div>\n\t\t\t\t\t<\/div>\n\t\t\t\t<\/div>\n\t\t\t\t<\/div>","protected":false},"excerpt":{"rendered":"<p>Pol\u00edtica de Privacidad Esta secci\u00f3n explica c\u00f3mo recopilamos, usamos y protegemos tu informaci\u00f3n personal cuando naveg\u00e1s por nuestro sitio web o interactu\u00e1s con nosotros. Queremos que sepas qu\u00e9 datos recopilamos y cu\u00e1les son tus derechos como usuario. Fecha de entrada en vigor: Marzo, 2025 En Aluwest Industries, valoramos su privacidad y nos comprometemos a proteger [&hellip;]<\/p>","protected":false},"author":1,"featured_media":0,"parent":0,"menu_order":0,"comment_status":"closed","ping_status":"closed","template":"elementor_header_footer","meta":{"_joinchat":[],"footnotes":""},"class_list":["post-583","page","type-page","status-publish","hentry"],"_links":{"self":[{"href":"https:\/\/ad.aluwest.com\/en\/wp-json\/wp\/v2\/pages\/583","targetHints":{"allow":["GET"]}}],"collection":[{"href":"https:\/\/ad.aluwest.com\/en\/wp-json\/wp\/v2\/pages"}],"about":[{"href":"https:\/\/ad.aluwest.com\/en\/wp-json\/wp\/v2\/types\/page"}],"author":[{"embeddable":true,"href":"https:\/\/ad.aluwest.com\/en\/wp-json\/wp\/v2\/users\/1"}],"replies":[{"embeddable":true,"href":"https:\/\/ad.aluwest.com\/en\/wp-json\/wp\/v2\/comments?post=583"}],"version-history":[{"count":16,"href":"https:\/\/ad.aluwest.com\/en\/wp-json\/wp\/v2\/pages\/583\/revisions"}],"predecessor-version":[{"id":647,"href":"https:\/\/ad.aluwest.com\/en\/wp-json\/wp\/v2\/pages\/583\/revisions\/647"}],"wp:attachment":[{"href":"https:\/\/ad.aluwest.com\/en\/wp-json\/wp\/v2\/media?parent=583"}],"curies":[{"name":"wp","href":"https:\/\/api.w.org\/{rel}","templated":true}]}}