{"id":589,"date":"2025-06-09T16:26:06","date_gmt":"2025-06-09T16:26:06","guid":{"rendered":"https:\/\/ad.aluwest.com\/?page_id=589"},"modified":"2025-06-09T16:34:22","modified_gmt":"2025-06-09T16:34:22","slug":"terminos-y-condiciones","status":"publish","type":"page","link":"https:\/\/ad.aluwest.com\/en\/terminos-y-condiciones\/","title":{"rendered":"T\u00e9rminos y Condiciones"},"content":{"rendered":"<div data-elementor-type=\"wp-page\" data-elementor-id=\"589\" class=\"elementor elementor-589\" data-elementor-post-type=\"page\">\n\t\t\t\t<div data-dce-background-overlay-color=\"#000000\" data-dce-background-image-url=\"https:\/\/ad.aluwest.com\/wp-content\/uploads\/2025\/05\/Untitled-design-2025-05-29T113231.048-1024x576.jpg\" class=\"elementor-element elementor-element-77a83fc e-flex e-con-boxed e-con e-parent\" data-id=\"77a83fc\" data-element_type=\"container\" data-e-type=\"container\" data-settings=\"{&quot;background_background&quot;:&quot;classic&quot;}\">\n\t\t\t\t\t<div class=\"e-con-inner\">\n\t\t<div class=\"elementor-element elementor-element-dd7ffda e-con-full e-flex e-con e-child\" data-id=\"dd7ffda\" data-element_type=\"container\" data-e-type=\"container\">\n\t\t\t\t<div class=\"elementor-element elementor-element-be4d5fc elementor-widget elementor-widget-heading\" data-id=\"be4d5fc\" data-element_type=\"widget\" data-e-type=\"widget\" data-widget_type=\"heading.default\">\n\t\t\t\t<div class=\"elementor-widget-container\">\n\t\t\t\t\t<h1 class=\"elementor-heading-title elementor-size-default\">T\u00e9rminos y Condiciones<\/h1>\t\t\t\t<\/div>\n\t\t\t\t<\/div>\n\t\t\t\t<div class=\"elementor-element elementor-element-9b536b4 elementor-widget elementor-widget-text-editor\" data-id=\"9b536b4\" data-element_type=\"widget\" data-e-type=\"widget\" data-widget_type=\"text-editor.default\">\n\t\t\t\t<div class=\"elementor-widget-container\">\n\t\t\t\t\t\t\t\t\t<p data-start=\"450\" data-end=\"654\">Aqu\u00ed encontrar\u00e1s las reglas que rigen el uso de nuestro sitio web. Al ingresar, acept\u00e1s estos t\u00e9rminos, que incluyen derechos, responsabilidades y limitaciones tanto para vos como para Aluwest Industries.<\/p>\t\t\t\t\t\t\t\t<\/div>\n\t\t\t\t<\/div>\n\t\t\t\t<\/div>\n\t\t<div class=\"elementor-element elementor-element-8d77655 e-con-full e-flex e-con e-child\" data-id=\"8d77655\" data-element_type=\"container\" data-e-type=\"container\">\n\t\t\t\t<\/div>\n\t\t\t\t\t<\/div>\n\t\t\t\t<\/div>\n\t\t<div class=\"elementor-element elementor-element-382225d e-flex e-con-boxed e-con e-parent\" data-id=\"382225d\" data-element_type=\"container\" data-e-type=\"container\">\n\t\t\t\t\t<div class=\"e-con-inner\">\n\t\t\t\t<div class=\"elementor-element elementor-element-950abcf elementor-widget elementor-widget-text-editor\" data-id=\"950abcf\" data-element_type=\"widget\" data-e-type=\"widget\" data-widget_type=\"text-editor.default\">\n\t\t\t\t<div class=\"elementor-widget-container\">\n\t\t\t\t\t\t\t\t\t<p data-start=\"257\" data-end=\"302\"><strong data-start=\"257\" data-end=\"287\">Fecha de entrada en vigor:<\/strong> Marzo, 2025<\/p><p data-start=\"304\" data-end=\"522\">Bienvenido al sitio web de <strong data-start=\"331\" data-end=\"353\">Aluwest Industries<\/strong>. Al acceder y utilizar este sitio web, usted acepta cumplir con los siguientes T\u00e9rminos y Condiciones. Si no est\u00e1 de acuerdo con ellos, por favor no utilice este sitio.<\/p><h3 data-start=\"524\" data-end=\"552\"><strong data-start=\"528\" data-end=\"552\">1. Uso del sitio web<\/strong><\/h3><p data-start=\"554\" data-end=\"798\">Este sitio est\u00e1 destinado a brindar informaci\u00f3n sobre nuestros productos, servicios y formas de contacto. Usted se compromete a utilizar este sitio solo con fines legales y de manera que no infrinja los derechos de terceros ni restrinja su uso.<\/p><h3 data-start=\"800\" data-end=\"832\"><strong data-start=\"804\" data-end=\"832\">2. Propiedad intelectual<\/strong><\/h3><p data-start=\"834\" data-end=\"1164\">Todo el contenido del sitio web, incluyendo textos, im\u00e1genes, logotipos, gr\u00e1ficos, videos y documentos, es propiedad de <strong data-start=\"954\" data-end=\"976\">Aluwest Industries<\/strong> o de sus respectivos propietarios con licencia, y est\u00e1 protegido por leyes de propiedad intelectual. Queda prohibida su reproducci\u00f3n, distribuci\u00f3n o modificaci\u00f3n sin autorizaci\u00f3n expresa.<\/p><h3 data-start=\"1166\" data-end=\"1193\"><strong data-start=\"1170\" data-end=\"1193\">3. Enlaces externos<\/strong><\/h3><p data-start=\"1195\" data-end=\"1348\">Nuestro sitio puede contener enlaces a sitios web de terceros. No somos responsables del contenido, pol\u00edticas o pr\u00e1cticas de privacidad de dichos sitios.<\/p><h3 data-start=\"1350\" data-end=\"1390\"><strong data-start=\"1354\" data-end=\"1390\">4. Limitaci\u00f3n de responsabilidad<\/strong><\/h3><p data-start=\"1392\" data-end=\"1629\"><strong data-start=\"1392\" data-end=\"1414\">Aluwest Industries<\/strong> no se hace responsable por da\u00f1os directos, indirectos o consecuentes que resulten del uso o la imposibilidad de uso de este sitio web, incluyendo errores t\u00e9cnicos, interrupciones, virus u otros componentes da\u00f1inos.<\/p><h3 data-start=\"1631\" data-end=\"1669\"><strong data-start=\"1635\" data-end=\"1669\">5. Exactitud de la informaci\u00f3n<\/strong><\/h3><p data-start=\"1671\" data-end=\"1883\">Nos esforzamos por mantener la informaci\u00f3n actualizada y precisa, pero no garantizamos que el contenido sea completo, libre de errores o actualizado en todo momento. La informaci\u00f3n puede cambiar sin previo aviso.<\/p><h3 data-start=\"1885\" data-end=\"1923\"><strong data-start=\"1889\" data-end=\"1923\">6. Comunicaciones electr\u00f3nicas<\/strong><\/h3><p data-start=\"1925\" data-end=\"2170\">Al contactarnos a trav\u00e9s de formularios, correos electr\u00f3nicos o cualquier otro medio electr\u00f3nico, usted acepta recibir nuestras respuestas por el mismo medio. Nos comprometemos a tratar su informaci\u00f3n conforme a nuestra [Pol\u00edtica de Privacidad].<\/p><h3 data-start=\"2172\" data-end=\"2213\"><strong data-start=\"2176\" data-end=\"2213\">7. Modificaciones de los t\u00e9rminos<\/strong><\/h3><p data-start=\"2215\" data-end=\"2460\"><strong data-start=\"2215\" data-end=\"2237\">Aluwest Industries<\/strong> se reserva el derecho de modificar estos T\u00e9rminos y Condiciones en cualquier momento. Las modificaciones entrar\u00e1n en vigor una vez publicadas en el sitio. Es responsabilidad del usuario revisar peri\u00f3dicamente esta secci\u00f3n.<\/p><h3 data-start=\"2462\" data-end=\"2494\"><strong data-start=\"2466\" data-end=\"2494\">8. Legislaci\u00f3n aplicable<\/strong><\/h3><p data-start=\"2496\" data-end=\"2707\">Estos T\u00e9rminos y Condiciones se rigen por las leyes del Estado Libre Asociado de Puerto Rico. Cualquier disputa relacionada con este sitio web ser\u00e1 resuelta ante los tribunales competentes de dicha jurisdicci\u00f3n.<\/p><h3 data-start=\"2709\" data-end=\"2728\"><strong data-start=\"2713\" data-end=\"2728\">9. Contacto<\/strong><\/h3><p data-start=\"2730\" data-end=\"2824\">Si tiene alguna pregunta sobre estos T\u00e9rminos y Condiciones, puede comunicarse con nosotros a:<\/p><p data-start=\"2826\" data-end=\"2945\">\ud83d\udce7 <strong data-start=\"2829\" data-end=\"2852\">Correo electr\u00f3nico:<\/strong> <a class=\"cursor-pointer\" rel=\"noopener\" data-start=\"2853\" data-end=\"2908\">leads@sultana.odoo.com<\/a><br data-start=\"2908\" data-end=\"2911\" \/>\ud83d\udcde <strong data-start=\"2914\" data-end=\"2927\">Tel\u00e9fono:<\/strong> +1 (787) 789-8000<\/p>\t\t\t\t\t\t\t\t<\/div>\n\t\t\t\t<\/div>\n\t\t\t\t\t<\/div>\n\t\t\t\t<\/div>\n\t\t\t\t<\/div>","protected":false},"excerpt":{"rendered":"<p>T\u00e9rminos y Condiciones Aqu\u00ed encontrar\u00e1s las reglas que rigen el uso de nuestro sitio web. Al ingresar, acept\u00e1s estos t\u00e9rminos, que incluyen derechos, responsabilidades y limitaciones tanto para vos como para Aluwest Industries. Fecha de entrada en vigor: Marzo, 2025 Bienvenido al sitio web de Aluwest Industries. Al acceder y utilizar este sitio web, usted [&hellip;]<\/p>","protected":false},"author":1,"featured_media":0,"parent":0,"menu_order":0,"comment_status":"closed","ping_status":"closed","template":"elementor_header_footer","meta":{"_joinchat":[],"footnotes":""},"class_list":["post-589","page","type-page","status-publish","hentry"],"_links":{"self":[{"href":"https:\/\/ad.aluwest.com\/en\/wp-json\/wp\/v2\/pages\/589","targetHints":{"allow":["GET"]}}],"collection":[{"href":"https:\/\/ad.aluwest.com\/en\/wp-json\/wp\/v2\/pages"}],"about":[{"href":"https:\/\/ad.aluwest.com\/en\/wp-json\/wp\/v2\/types\/page"}],"author":[{"embeddable":true,"href":"https:\/\/ad.aluwest.com\/en\/wp-json\/wp\/v2\/users\/1"}],"replies":[{"embeddable":true,"href":"https:\/\/ad.aluwest.com\/en\/wp-json\/wp\/v2\/comments?post=589"}],"version-history":[{"count":10,"href":"https:\/\/ad.aluwest.com\/en\/wp-json\/wp\/v2\/pages\/589\/revisions"}],"predecessor-version":[{"id":632,"href":"https:\/\/ad.aluwest.com\/en\/wp-json\/wp\/v2\/pages\/589\/revisions\/632"}],"wp:attachment":[{"href":"https:\/\/ad.aluwest.com\/en\/wp-json\/wp\/v2\/media?parent=589"}],"curies":[{"name":"wp","href":"https:\/\/api.w.org\/{rel}","templated":true}]}}