{"id":597,"date":"2025-06-09T16:27:09","date_gmt":"2025-06-09T16:27:09","guid":{"rendered":"https:\/\/ad.aluwest.com\/?page_id=597"},"modified":"2025-06-09T16:33:43","modified_gmt":"2025-06-09T16:33:43","slug":"politica-de-cookies","status":"publish","type":"page","link":"https:\/\/ad.aluwest.com\/en\/politica-de-cookies\/","title":{"rendered":"Pol\u00edtica de Cookies"},"content":{"rendered":"<div data-elementor-type=\"wp-page\" data-elementor-id=\"597\" class=\"elementor elementor-597\" data-elementor-post-type=\"page\">\n\t\t\t\t<div data-dce-background-overlay-color=\"#000000\" data-dce-background-image-url=\"https:\/\/ad.aluwest.com\/wp-content\/uploads\/2025\/05\/Untitled-design-2025-05-29T113231.048-1024x576.jpg\" class=\"elementor-element elementor-element-77a83fc e-flex e-con-boxed e-con e-parent\" data-id=\"77a83fc\" data-element_type=\"container\" data-e-type=\"container\" data-settings=\"{&quot;background_background&quot;:&quot;classic&quot;}\">\n\t\t\t\t\t<div class=\"e-con-inner\">\n\t\t<div class=\"elementor-element elementor-element-dd7ffda e-con-full e-flex e-con e-child\" data-id=\"dd7ffda\" data-element_type=\"container\" data-e-type=\"container\">\n\t\t\t\t<div class=\"elementor-element elementor-element-be4d5fc elementor-widget elementor-widget-heading\" data-id=\"be4d5fc\" data-element_type=\"widget\" data-e-type=\"widget\" data-widget_type=\"heading.default\">\n\t\t\t\t<div class=\"elementor-widget-container\">\n\t\t\t\t\t<h1 class=\"elementor-heading-title elementor-size-default\">Pol\u00edtica de Cookies<\/h1>\t\t\t\t<\/div>\n\t\t\t\t<\/div>\n\t\t\t\t<div class=\"elementor-element elementor-element-9b536b4 elementor-widget elementor-widget-text-editor\" data-id=\"9b536b4\" data-element_type=\"widget\" data-e-type=\"widget\" data-widget_type=\"text-editor.default\">\n\t\t\t\t<div class=\"elementor-widget-container\">\n\t\t\t\t\t\t\t\t\t<p data-start=\"691\" data-end=\"891\">En esta secci\u00f3n te explicamos qu\u00e9 son las cookies, qu\u00e9 tipos usamos y c\u00f3mo pod\u00e9s gestionarlas. Usamos cookies para brindarte una mejor experiencia de navegaci\u00f3n y analizar el funcionamiento del sitio.<\/p>\t\t\t\t\t\t\t\t<\/div>\n\t\t\t\t<\/div>\n\t\t\t\t<\/div>\n\t\t<div class=\"elementor-element elementor-element-8d77655 e-con-full e-flex e-con e-child\" data-id=\"8d77655\" data-element_type=\"container\" data-e-type=\"container\">\n\t\t\t\t<\/div>\n\t\t\t\t\t<\/div>\n\t\t\t\t<\/div>\n\t\t<div class=\"elementor-element elementor-element-382225d e-flex e-con-boxed e-con e-parent\" data-id=\"382225d\" data-element_type=\"container\" data-e-type=\"container\">\n\t\t\t\t\t<div class=\"e-con-inner\">\n\t\t\t\t<div class=\"elementor-element elementor-element-950abcf elementor-widget elementor-widget-text-editor\" data-id=\"950abcf\" data-element_type=\"widget\" data-e-type=\"widget\" data-widget_type=\"text-editor.default\">\n\t\t\t\t<div class=\"elementor-widget-container\">\n\t\t\t\t\t\t\t\t\t<p data-start=\"211\" data-end=\"256\"><strong data-start=\"211\" data-end=\"241\">Fecha de entrada en vigor:<\/strong> Marzo, 2025<\/p><p data-start=\"258\" data-end=\"518\">El sitio web de <strong data-start=\"274\" data-end=\"296\">Aluwest Industries<\/strong> utiliza cookies y tecnolog\u00edas similares para mejorar la experiencia del usuario, analizar el tr\u00e1fico y ofrecer contenido personalizado. Esta pol\u00edtica explica qu\u00e9 son las cookies, c\u00f3mo las usamos y c\u00f3mo puede gestionarlas.<\/p><h3 data-start=\"520\" data-end=\"552\"><strong data-start=\"524\" data-end=\"552\">1. \u00bfQu\u00e9 son las cookies?<\/strong><\/h3><p data-start=\"554\" data-end=\"783\">Las cookies son peque\u00f1os archivos de texto que se almacenan en su dispositivo cuando visita un sitio web. Sirven para recordar sus preferencias, facilitar la navegaci\u00f3n y recopilar informaci\u00f3n sobre su comportamiento en el sitio.<\/p><h3 data-start=\"785\" data-end=\"827\"><strong data-start=\"789\" data-end=\"827\">2. Tipos de cookies que utilizamos<\/strong><\/h3><p data-start=\"829\" data-end=\"883\">Podemos utilizar las siguientes categor\u00edas de cookies:<\/p><ul data-start=\"885\" data-end=\"1523\"><li data-start=\"885\" data-end=\"1034\"><p data-start=\"887\" data-end=\"1034\"><strong data-start=\"887\" data-end=\"909\">Cookies esenciales<\/strong>: necesarias para el funcionamiento del sitio web. Por ejemplo, permiten la navegaci\u00f3n y el acceso seguro a \u00e1reas protegidas.<\/p><\/li><li data-start=\"1035\" data-end=\"1227\"><p data-start=\"1037\" data-end=\"1227\"><strong data-start=\"1037\" data-end=\"1063\">Cookies de rendimiento<\/strong>: recopilan datos an\u00f3nimos sobre c\u00f3mo los visitantes usan el sitio (p\u00e1ginas m\u00e1s visitadas, tiempo de permanencia, errores, etc.) con fines estad\u00edsticos y de mejora.<\/p><\/li><li data-start=\"1228\" data-end=\"1325\"><p data-start=\"1230\" data-end=\"1325\"><strong data-start=\"1230\" data-end=\"1258\">Cookies de funcionalidad<\/strong>: permiten recordar sus preferencias y personalizar su experiencia.<\/p><\/li><li data-start=\"1326\" data-end=\"1523\"><p data-start=\"1328\" data-end=\"1523\"><strong data-start=\"1328\" data-end=\"1352\">Cookies de marketing<\/strong>: se utilizan para ofrecer publicidad relevante para usted y medir la efectividad de campa\u00f1as publicitarias. Tambi\u00e9n pueden ser instaladas por terceros como Google o Meta.<\/p><\/li><\/ul><h3 data-start=\"1525\" data-end=\"1555\"><strong data-start=\"1529\" data-end=\"1555\">3. Cookies de terceros<\/strong><\/h3><p data-start=\"1557\" data-end=\"1778\">Es posible que utilicemos servicios de terceros (como Google Analytics, Facebook Pixel u otros) que tambi\u00e9n coloquen cookies en su dispositivo. Estas cookies est\u00e1n sujetas a las pol\u00edticas de privacidad de dichos terceros.<\/p><h3 data-start=\"1780\" data-end=\"1809\"><strong data-start=\"1784\" data-end=\"1809\">4. Gesti\u00f3n de cookies<\/strong><\/h3><p data-start=\"1811\" data-end=\"2023\">Al ingresar al sitio por primera vez, se le solicitar\u00e1 su consentimiento para el uso de cookies, excepto aquellas estrictamente necesarias. Puede cambiar o retirar su consentimiento en cualquier momento mediante:<\/p><ul data-start=\"2025\" data-end=\"2189\"><li data-start=\"2025\" data-end=\"2115\"><p data-start=\"2027\" data-end=\"2115\">La configuraci\u00f3n de su navegador, donde puede bloquear o eliminar cookies ya instaladas.<\/p><\/li><li data-start=\"2116\" data-end=\"2189\"><p data-start=\"2118\" data-end=\"2189\">Herramientas espec\u00edficas de gesti\u00f3n de cookies si el sitio las incluye.<\/p><\/li><\/ul><p data-start=\"2191\" data-end=\"2296\">Tenga en cuenta que al deshabilitar ciertas cookies, partes del sitio podr\u00edan no funcionar correctamente.<\/p><h3 data-start=\"2298\" data-end=\"2333\"><strong data-start=\"2302\" data-end=\"2333\">5. Cambios en esta pol\u00edtica<\/strong><\/h3><p data-start=\"2335\" data-end=\"2525\">Nos reservamos el derecho de actualizar esta Pol\u00edtica de Cookies en cualquier momento. Le recomendamos revisar esta secci\u00f3n peri\u00f3dicamente para estar informado sobre c\u00f3mo usamos las cookies.<\/p><h3 data-start=\"2527\" data-end=\"2546\"><strong data-start=\"2531\" data-end=\"2546\">6. Contacto<\/strong><\/h3><p data-start=\"2548\" data-end=\"2645\">Si tiene preguntas sobre esta pol\u00edtica o el uso de cookies en nuestro sitio, puede escribirnos a:<\/p><p data-start=\"2647\" data-end=\"2766\">\ud83d\udce7 <strong data-start=\"2650\" data-end=\"2673\">Correo electr\u00f3nico:<\/strong> <a class=\"cursor-pointer\" rel=\"noopener\" data-start=\"2674\" data-end=\"2729\">leads@sultana.odoo.com<\/a><br data-start=\"2729\" data-end=\"2732\" \/>\ud83d\udcde <strong data-start=\"2735\" data-end=\"2748\">Tel\u00e9fono:<\/strong> +1 (787) 789-8000<\/p>\t\t\t\t\t\t\t\t<\/div>\n\t\t\t\t<\/div>\n\t\t\t\t\t<\/div>\n\t\t\t\t<\/div>\n\t\t\t\t<\/div>","protected":false},"excerpt":{"rendered":"<p>Pol\u00edtica de Cookies En esta secci\u00f3n te explicamos qu\u00e9 son las cookies, qu\u00e9 tipos usamos y c\u00f3mo pod\u00e9s gestionarlas. Usamos cookies para brindarte una mejor experiencia de navegaci\u00f3n y analizar el funcionamiento del sitio. Fecha de entrada en vigor: Marzo, 2025 El sitio web de Aluwest Industries utiliza cookies y tecnolog\u00edas similares para mejorar la [&hellip;]<\/p>","protected":false},"author":1,"featured_media":0,"parent":0,"menu_order":0,"comment_status":"closed","ping_status":"closed","template":"elementor_header_footer","meta":{"_joinchat":[],"footnotes":""},"class_list":["post-597","page","type-page","status-publish","hentry"],"_links":{"self":[{"href":"https:\/\/ad.aluwest.com\/en\/wp-json\/wp\/v2\/pages\/597","targetHints":{"allow":["GET"]}}],"collection":[{"href":"https:\/\/ad.aluwest.com\/en\/wp-json\/wp\/v2\/pages"}],"about":[{"href":"https:\/\/ad.aluwest.com\/en\/wp-json\/wp\/v2\/types\/page"}],"author":[{"embeddable":true,"href":"https:\/\/ad.aluwest.com\/en\/wp-json\/wp\/v2\/users\/1"}],"replies":[{"embeddable":true,"href":"https:\/\/ad.aluwest.com\/en\/wp-json\/wp\/v2\/comments?post=597"}],"version-history":[{"count":10,"href":"https:\/\/ad.aluwest.com\/en\/wp-json\/wp\/v2\/pages\/597\/revisions"}],"predecessor-version":[{"id":624,"href":"https:\/\/ad.aluwest.com\/en\/wp-json\/wp\/v2\/pages\/597\/revisions\/624"}],"wp:attachment":[{"href":"https:\/\/ad.aluwest.com\/en\/wp-json\/wp\/v2\/media?parent=597"}],"curies":[{"name":"wp","href":"https:\/\/api.w.org\/{rel}","templated":true}]}}